{"id":15,"date":"2014-01-23T17:15:21","date_gmt":"2014-01-23T16:15:21","guid":{"rendered":"http:\/\/localhost\/aquatectura\/?page_id=15"},"modified":"2023-03-17T18:54:59","modified_gmt":"2023-03-17T17:54:59","slug":"ansatz","status":"publish","type":"page","link":"https:\/\/www.aquatectura.de\/site\/ansatz\/","title":{"rendered":"Ansatz"},"content":{"rendered":"<p style=\"text-align: center;\"><em><span style=\"color: #000000;\">Natur ist ein Gestaltprozess.<\/span><br \/>\n<span style=\"color: #000000;\">Wasser ist sch\u00f6pferischer Gestalter von Lebensraum.<\/span><br \/>\n<span style=\"color: #000000;\">Landschaft ist Lebensraum, der von Menschen wahrgenommen und wahrgegeben (geformt) wird.<\/span><br \/>\n<span style=\"color: #000000;\">Aquatectur ist Design, das landschaftsbildende Prozesse von Menschen und Natur<\/span><br \/>\n<span style=\"color: #000000;\">durch den Fluss des Wassers in \u00dcbereinstimmung bringt.<\/span><br \/>\n<span style=\"color: #000000;\">Denn Mensch ist Natur.<\/span><br \/>\n<\/em><\/p>\n<p>\u00a0<strong>Vision Statement<\/strong><\/p>\n<p>Landschaften und ihre \u00d6kosysteme bieten wertvolle Serviceleistungen, die das Tragwerk von Wirtschaft und Gesellschaft bilden. Tagt\u00e4glich regenerieren sie \u201eBasisfunktionen\u201c wie klares Wasser, fruchtbaren Boden, frische Luft und ausgeglichenes Klima. Daraus sch\u00f6pfen wir Trinkwasser und Brauchwasser, gewinnen Nahrungsmittel und Rohstoffe. Tagt\u00e4glich regenerieren sie zudem auch \u201eWohlf\u00fchlfunktionen\u201c wie \u00e4sthetische Muster, lebendige Vielfalt und stimmungsvolle Atmosph\u00e4ren. Daraus sch\u00f6pfen wir Erholung, Inspiration und Identifikation.<br \/>\nDer Fluss und Kreislauf des Wassers hat entscheidenden Einfluss darauf, ob sich diese Leistungen dauerhaft regenerieren. Er wird beeinflusst durch die Bewirtschaftung der Landschaft oder die Gestaltung technischer Infrastrukturen in der Stadt.<\/p>\n<p>Nicht die Menschen haben das Wirtschaften erfunden. Alle Lebensgemeinschaften bewirtschaften ihren Standort.\u00a0B\u00e4ume pumpen Wasser, Biber bauen D\u00e4mme, Insekten verbreiten Samen und Pollen. Moose bilden Speicher, Regenw\u00fcrmer Bodenpartikel und Pilze weit verzweigte Informationsnetze etc. Alle Organismen haushalten mit Energie und setzen Material um.<br \/>\nDies bedeutet: Wildnis ist auch Wirtschaft. \u00d6kosysteme sind auch Infrastrukturen. St\u00e4dte und Industrien sind auch Landschaften.<\/p>\n<p>K\u00fcnstlich und nat\u00fcrlich wieder als Einheit zu verstehen, ist Anliegen und zugleich kreatives Potenzial bei unseren Beratungs- und Gestaltungsprojekten. Wie k\u00f6nnen sich regenerative Landschaften und St\u00e4dte samt ihrer Infrastrukturen entwickeln und dabei eine gemeinsame und stabile Wirtschaftsbasis menschlicher Gesellschaften und anderer Lebensgemeinschaften bilden? Und wie k\u00f6nnen die Menschen und Akteure in ihrem jeweiligen Lebens- und Wirkungsfeld dabei aktiv mitgestalten? Diese Fragestellungen sind beispielhaft und motivieren unsere Arbeit.<\/p>\n<p>Zu unserem Kundenkreis z\u00e4hlen wir die verschiedensten Branchen, die Einfluss auf die Landschaft und ein Anliegen an ihrer Nachhaltigkeit haben, z.B. Architekten und Stadtplaner, Industrieunternehmen, Politik und Verwaltung, Ingenieure, Land- und Forstwirtschaft und andere Organisationen. Orientiert am Fluss und an den Funktionen des Wassers, realisieren wir erneuerbare Landschaften, die nicht nur Wohnen und Wirtschaften Raum bieten, Lebensmittel und Rohstoffe produzieren, sondern dabei auch klares Wasser, stabiles Klima und erholsames Ambiente regenerieren. Unser Ansatz ist es, Lebens- und Wirtschaftsaktivit\u00e4ten &#8211; angefangen von Wasser- und Stoffstr\u00f6men, \u00fcber Bewirtschaftungsmethoden und blau-gr\u00fcne Infrastrukturen bis hin zu Kommunikations- und Akteursplattformen so zu gestalten, dass sie die regenerativen Landschaftsleistungen f\u00f6rdern.<\/p>\n<p>In diesem Sinne entwickeln und entwerfen, beraten und trainieren, managen, planen und bauen wir und spinnen weiter am \u201eblauen Faden\u201c.<\/p>\n<p>&nbsp;<\/p>\n<p style=\"text-align: right;\"><span style=\"font-size: 18pt; color: #3366ff;\"><em>&#8230; denn die Erde ist blau.<\/em><\/span><\/p>\n<p style=\"text-align: right;\">Berlin 2014, Anja Br\u00fcll &amp; Grit B\u00fcrgow<\/p>\n<img decoding=\"async\" loading=\"lazy\" class=\"transparent overflowingVertical aligncenter\" src=\"https:\/\/upload.wikimedia.org\/wikipedia\/commons\/thumb\/1\/19\/Blue_Marble_transparent.png\/1024px-Blue_Marble_transparent.png\" alt=\"https:\/\/upload.wikimedia.org\/wikipedia\/commons\/thumb\/1\/19\/Blue_Marble_transparent.png\/1024px-Blue_Marble_transparent.png\" width=\"474\" height=\"476\" \/>\n<p>&nbsp;<\/p>\n<table style=\"width: 0%; height: 10px;\">\n<tbody>\n<tr style=\"height: 10px;\">\n<td style=\"width: 100%; height: 10px;\"><\/td>\n<\/tr>\n<\/tbody>\n<\/table>\n<p>&nbsp;<\/p>\n<div id=\"ConnectiveDocSignExtentionInstalled\" data-extension-version=\"1.0.4\"><\/div>\n","protected":false},"excerpt":{"rendered":"<p>Natur ist ein Gestaltprozess. Wasser ist sch\u00f6pferischer Gestalter von Lebensraum. Landschaft ist Lebensraum, der von Menschen wahrgenommen und wahrgegeben (geformt) wird. Aquatectur ist Design, das landschaftsbildende Prozesse von Menschen und Natur durch den Fluss des Wassers in \u00dcbereinstimmung bringt. Denn Mensch ist Natur. \u00a0Vision Statement Landschaften und ihre \u00d6kosysteme bieten wertvolle Serviceleistungen, die das Tragwerk&#8230;  <a class=\"excerpt-read-more\" href=\"https:\/\/www.aquatectura.de\/site\/ansatz\/\" title=\"ReadAnsatz\">Read more &raquo;<\/a><\/p>\n","protected":false},"author":1,"featured_media":0,"parent":0,"menu_order":0,"comment_status":"open","ping_status":"open","template":"","meta":[],"acf":[],"aioseo_notices":[],"_links":{"self":[{"href":"https:\/\/www.aquatectura.de\/site\/wp-json\/wp\/v2\/pages\/15"}],"collection":[{"href":"https:\/\/www.aquatectura.de\/site\/wp-json\/wp\/v2\/pages"}],"about":[{"href":"https:\/\/www.aquatectura.de\/site\/wp-json\/wp\/v2\/types\/page"}],"author":[{"embeddable":true,"href":"https:\/\/www.aquatectura.de\/site\/wp-json\/wp\/v2\/users\/1"}],"replies":[{"embeddable":true,"href":"https:\/\/www.aquatectura.de\/site\/wp-json\/wp\/v2\/comments?post=15"}],"version-history":[{"count":43,"href":"https:\/\/www.aquatectura.de\/site\/wp-json\/wp\/v2\/pages\/15\/revisions"}],"predecessor-version":[{"id":1968,"href":"https:\/\/www.aquatectura.de\/site\/wp-json\/wp\/v2\/pages\/15\/revisions\/1968"}],"wp:attachment":[{"href":"https:\/\/www.aquatectura.de\/site\/wp-json\/wp\/v2\/media?parent=15"}],"curies":[{"name":"wp","href":"https:\/\/api.w.org\/{rel}","templated":true}]}}